{"id":1018,"date":"2023-11-01T08:21:03","date_gmt":"2023-11-01T05:21:03","guid":{"rendered":"https:\/\/d7k.com.tr\/?page_id=1018"},"modified":"2023-11-01T08:21:03","modified_gmt":"2023-11-01T05:21:03","slug":"1-d7k-depo-yonetim-sistemi","status":"publish","type":"page","link":"https:\/\/d7k.com.tr\/?page_id=1018","title":{"rendered":"1 &#8211; D7K DEPO Y\u00d6NET\u0130M S\u0130STEM\u0130"},"content":{"rendered":"<p><span style=\"font-family: roboto-light;\">1 &#8211; D7K DEPO Y\u00d6NET\u0130M S\u0130STEM\u0130\u00a0 <a href=\"https:\/\/d7k.com.tr\/wp-content\/uploads\/2023\/10\/1-D7K-DEPO-YONETIM-SISTEMI.pdf\" target=\"_blank\" rel=\"noopener\">Katalo\u011fu indirmek i\u00e7in t\u0131klay\u0131n\u0131z.<\/a><\/span><\/p>\n<div style=\"width: 1280px;\" class=\"wp-video\"><video class=\"wp-video-shortcode\" id=\"video-1018-1\" width=\"1280\" height=\"720\" loop autoplay preload=\"auto\" controls=\"controls\"><source type=\"video\/mp4\" src=\"https:\/\/d7k.com.tr\/wp-content\/uploads\/2023\/10\/1-D7K-DEPO-YONETIM-SISTEMI.mp4?_=1\" \/><a href=\"https:\/\/d7k.com.tr\/wp-content\/uploads\/2023\/10\/1-D7K-DEPO-YONETIM-SISTEMI.mp4\">https:\/\/d7k.com.tr\/wp-content\/uploads\/2023\/10\/1-D7K-DEPO-YONETIM-SISTEMI.mp4<\/a><\/video><\/div>\n","protected":false},"excerpt":{"rendered":"<p>1 &#8211; D7K DEPO Y\u00d6NET\u0130M S\u0130STEM\u0130\u00a0 Katalo\u011fu indirmek i\u00e7in t\u0131klay\u0131n\u0131z.<\/p>\n","protected":false},"author":1,"featured_media":0,"parent":0,"menu_order":0,"comment_status":"closed","ping_status":"closed","template":"","meta":{"_joinchat":[],"footnotes":""},"class_list":["post-1018","page","type-page","status-publish","hentry"],"yoast_head":"<!-- This site is optimized with the Yoast SEO plugin v21.5 - https:\/\/yoast.com\/wordpress\/plugins\/seo\/ -->\n<title>1 - D7K DEPO Y\u00d6NET\u0130M S\u0130STEM\u0130 - D7K<\/title>\n<meta name=\"robots\" content=\"index, follow, max-snippet:-1, max-image-preview:large, max-video-preview:-1\" \/>\n<link rel=\"canonical\" href=\"https:\/\/d7k.com.tr\/?page_id=1018\" \/>\n<meta property=\"og:locale\" content=\"tr_TR\" \/>\n<meta property=\"og:type\" content=\"article\" \/>\n<meta property=\"og:title\" content=\"1 - D7K DEPO Y\u00d6NET\u0130M S\u0130STEM\u0130 - D7K\" \/>\n<meta property=\"og:description\" content=\"1 &#8211; D7K DEPO Y\u00d6NET\u0130M S\u0130STEM\u0130\u00a0 Katalo\u011fu indirmek i\u00e7in t\u0131klay\u0131n\u0131z.\" \/>\n<meta property=\"og:url\" content=\"https:\/\/d7k.com.tr\/?page_id=1018\" \/>\n<meta property=\"og:site_name\" content=\"D7K\" \/>\n<meta name=\"twitter:card\" content=\"summary_large_image\" \/>\n<meta name=\"twitter:label1\" content=\"Tahmini okuma s\u00fcresi\" \/>\n\t<meta name=\"twitter:data1\" content=\"1 dakika\" \/>\n<script type=\"application\/ld+json\" class=\"yoast-schema-graph\">{\"@context\":\"https:\/\/schema.org\",\"@graph\":[{\"@type\":\"WebPage\",\"@id\":\"https:\/\/d7k.com.tr\/?page_id=1018\",\"url\":\"https:\/\/d7k.com.tr\/?page_id=1018\",\"name\":\"1 - D7K DEPO Y\u00d6NET\u0130M S\u0130STEM\u0130 - D7K\",\"isPartOf\":{\"@id\":\"https:\/\/d7k.com.tr\/#website\"},\"datePublished\":\"2023-11-01T05:21:03+00:00\",\"dateModified\":\"2023-11-01T05:21:03+00:00\",\"breadcrumb\":{\"@id\":\"https:\/\/d7k.com.tr\/?page_id=1018#breadcrumb\"},\"inLanguage\":\"tr\",\"potentialAction\":[{\"@type\":\"ReadAction\",\"target\":[\"https:\/\/d7k.com.tr\/?page_id=1018\"]}]},{\"@type\":\"BreadcrumbList\",\"@id\":\"https:\/\/d7k.com.tr\/?page_id=1018#breadcrumb\",\"itemListElement\":[{\"@type\":\"ListItem\",\"position\":1,\"name\":\"Anasayfa\",\"item\":\"https:\/\/d7k.com.tr\/\"},{\"@type\":\"ListItem\",\"position\":2,\"name\":\"1 &#8211; D7K DEPO Y\u00d6NET\u0130M S\u0130STEM\u0130\"}]},{\"@type\":\"WebSite\",\"@id\":\"https:\/\/d7k.com.tr\/#website\",\"url\":\"https:\/\/d7k.com.tr\/\",\"name\":\"D7K\",\"description\":\"Siz Neredeyseniz Verileriniz Orada..!\",\"publisher\":{\"@id\":\"https:\/\/d7k.com.tr\/#organization\"},\"potentialAction\":[{\"@type\":\"SearchAction\",\"target\":{\"@type\":\"EntryPoint\",\"urlTemplate\":\"https:\/\/d7k.com.tr\/?s={search_term_string}\"},\"query-input\":\"required name=search_term_string\"}],\"inLanguage\":\"tr\"},{\"@type\":\"Organization\",\"@id\":\"https:\/\/d7k.com.tr\/#organization\",\"name\":\"D7K\",\"url\":\"https:\/\/d7k.com.tr\/\",\"logo\":{\"@type\":\"ImageObject\",\"inLanguage\":\"tr\",\"@id\":\"https:\/\/d7k.com.tr\/#\/schema\/logo\/image\/\",\"url\":\"https:\/\/d7k.com.tr\/wp-content\/uploads\/2023\/08\/d7k.png\",\"contentUrl\":\"https:\/\/d7k.com.tr\/wp-content\/uploads\/2023\/08\/d7k.png\",\"width\":200,\"height\":50,\"caption\":\"D7K\"},\"image\":{\"@id\":\"https:\/\/d7k.com.tr\/#\/schema\/logo\/image\/\"},\"sameAs\":[\"https:\/\/www.linkedin.com\/company\/d7ksuper\/\",\"https:\/\/www.youtube.com\/@d7ksuper384\"]}]}<\/script>\n<!-- \/ Yoast SEO plugin. -->","yoast_head_json":{"title":"1 - D7K DEPO Y\u00d6NET\u0130M S\u0130STEM\u0130 - D7K","robots":{"index":"index","follow":"follow","max-snippet":"max-snippet:-1","max-image-preview":"max-image-preview:large","max-video-preview":"max-video-preview:-1"},"canonical":"https:\/\/d7k.com.tr\/?page_id=1018","og_locale":"tr_TR","og_type":"article","og_title":"1 - D7K DEPO Y\u00d6NET\u0130M S\u0130STEM\u0130 - D7K","og_description":"1 &#8211; D7K DEPO Y\u00d6NET\u0130M S\u0130STEM\u0130\u00a0 Katalo\u011fu indirmek i\u00e7in t\u0131klay\u0131n\u0131z.","og_url":"https:\/\/d7k.com.tr\/?page_id=1018","og_site_name":"D7K","twitter_card":"summary_large_image","twitter_misc":{"Tahmini okuma s\u00fcresi":"1 dakika"},"schema":{"@context":"https:\/\/schema.org","@graph":[{"@type":"WebPage","@id":"https:\/\/d7k.com.tr\/?page_id=1018","url":"https:\/\/d7k.com.tr\/?page_id=1018","name":"1 - D7K DEPO Y\u00d6NET\u0130M S\u0130STEM\u0130 - D7K","isPartOf":{"@id":"https:\/\/d7k.com.tr\/#website"},"datePublished":"2023-11-01T05:21:03+00:00","dateModified":"2023-11-01T05:21:03+00:00","breadcrumb":{"@id":"https:\/\/d7k.com.tr\/?page_id=1018#breadcrumb"},"inLanguage":"tr","potentialAction":[{"@type":"ReadAction","target":["https:\/\/d7k.com.tr\/?page_id=1018"]}]},{"@type":"BreadcrumbList","@id":"https:\/\/d7k.com.tr\/?page_id=1018#breadcrumb","itemListElement":[{"@type":"ListItem","position":1,"name":"Anasayfa","item":"https:\/\/d7k.com.tr\/"},{"@type":"ListItem","position":2,"name":"1 &#8211; D7K DEPO Y\u00d6NET\u0130M S\u0130STEM\u0130"}]},{"@type":"WebSite","@id":"https:\/\/d7k.com.tr\/#website","url":"https:\/\/d7k.com.tr\/","name":"D7K","description":"Siz Neredeyseniz Verileriniz Orada..!","publisher":{"@id":"https:\/\/d7k.com.tr\/#organization"},"potentialAction":[{"@type":"SearchAction","target":{"@type":"EntryPoint","urlTemplate":"https:\/\/d7k.com.tr\/?s={search_term_string}"},"query-input":"required name=search_term_string"}],"inLanguage":"tr"},{"@type":"Organization","@id":"https:\/\/d7k.com.tr\/#organization","name":"D7K","url":"https:\/\/d7k.com.tr\/","logo":{"@type":"ImageObject","inLanguage":"tr","@id":"https:\/\/d7k.com.tr\/#\/schema\/logo\/image\/","url":"https:\/\/d7k.com.tr\/wp-content\/uploads\/2023\/08\/d7k.png","contentUrl":"https:\/\/d7k.com.tr\/wp-content\/uploads\/2023\/08\/d7k.png","width":200,"height":50,"caption":"D7K"},"image":{"@id":"https:\/\/d7k.com.tr\/#\/schema\/logo\/image\/"},"sameAs":["https:\/\/www.linkedin.com\/company\/d7ksuper\/","https:\/\/www.youtube.com\/@d7ksuper384"]}]}},"_links":{"self":[{"href":"https:\/\/d7k.com.tr\/index.php?rest_route=\/wp\/v2\/pages\/1018","targetHints":{"allow":["GET"]}}],"collection":[{"href":"https:\/\/d7k.com.tr\/index.php?rest_route=\/wp\/v2\/pages"}],"about":[{"href":"https:\/\/d7k.com.tr\/index.php?rest_route=\/wp\/v2\/types\/page"}],"author":[{"embeddable":true,"href":"https:\/\/d7k.com.tr\/index.php?rest_route=\/wp\/v2\/users\/1"}],"replies":[{"embeddable":true,"href":"https:\/\/d7k.com.tr\/index.php?rest_route=%2Fwp%2Fv2%2Fcomments&post=1018"}],"version-history":[{"count":1,"href":"https:\/\/d7k.com.tr\/index.php?rest_route=\/wp\/v2\/pages\/1018\/revisions"}],"predecessor-version":[{"id":1019,"href":"https:\/\/d7k.com.tr\/index.php?rest_route=\/wp\/v2\/pages\/1018\/revisions\/1019"}],"wp:attachment":[{"href":"https:\/\/d7k.com.tr\/index.php?rest_route=%2Fwp%2Fv2%2Fmedia&parent=1018"}],"curies":[{"name":"wp","href":"https:\/\/api.w.org\/{rel}","templated":true}]}}