{"id":12,"date":"2015-01-13T17:52:03","date_gmt":"2015-01-13T17:52:03","guid":{"rendered":"http:\/\/demo.safirtema.com\/safirkurumsal\/?page_id=12"},"modified":"2023-11-01T08:17:11","modified_gmt":"2023-11-01T05:17:11","slug":"online-katalog","status":"publish","type":"page","link":"https:\/\/d7k.com.tr\/?page_id=12","title":{"rendered":"Online Katalog"},"content":{"rendered":"\r\n<h3><span style=\"font-family: roboto-light;\">D7K ERP YAZILIM S\u0130STEMLER\u0130\u00a0 <a href=\"https:\/\/d7k.com.tr\/wp-content\/uploads\/2023\/10\/D7K-ERP-YAZILIM-SISTEMLERI-TANITIMI.pdf\" target=\"_blank\" rel=\"noopener\">Katalo\u011fu indirmek i\u00e7in t\u0131klay\u0131n\u0131z.<\/a><\/span><\/h3>\r\n<div style=\"width: 1280px;\" class=\"wp-video\"><video class=\"wp-video-shortcode\" id=\"video-12-1\" width=\"1280\" height=\"720\" loop autoplay preload=\"auto\" controls=\"controls\"><source type=\"video\/mp4\" src=\"https:\/\/d7k.com.tr\/wp-content\/uploads\/2023\/10\/D7K-ERP-YAZILIM-SISTEMLERI-111023.mp4?_=1\" \/><a href=\"https:\/\/d7k.com.tr\/wp-content\/uploads\/2023\/10\/D7K-ERP-YAZILIM-SISTEMLERI-111023.mp4\">https:\/\/d7k.com.tr\/wp-content\/uploads\/2023\/10\/D7K-ERP-YAZILIM-SISTEMLERI-111023.mp4<\/a><\/video><\/div>\r\n<p><a href=\"https:\/\/d7k.com.tr\/wp-content\/uploads\/2023\/10\/1-D7K-DEPO-YONETIM-SISTEMI.pdf\">1 &#8211; D7K DEPO Y\u00d6NET\u0130M S\u0130STEM\u0130<\/a><\/p>\r\n<p><a title=\"\u00dcRET\u0130M\" href=\"https:\/\/d7k.com.tr\/wp-content\/uploads\/2023\/10\/2-D7K-URETIM-YONETIM-SISTEMLERI.pdf\">2 &#8211; D7K \u00dcRET\u0130M Y\u00d6NET\u0130M S\u0130STEMLER\u0130<\/a><\/p>\r\n<p><a title=\"M\u00dc\u015eTER\u0130\" href=\"https:\/\/d7k.com.tr\/wp-content\/uploads\/2023\/10\/3-D7K-MUSTERI-B2B-YONETIM-SISTEMLERI.pdf\">3 &#8211; D7K M\u00dc\u015eTER\u0130 (B2B) Y\u00d6NET\u0130M S\u0130STEMLER\u0130<\/a><\/p>\r\n<p><a title=\"TEDAR\u0130K\u00c7\u0130\" href=\"https:\/\/d7k.com.tr\/wp-content\/uploads\/2023\/10\/4-D7K-TEDARIKCI-SUPPNET-YONETIM-SISTEMLERI.pdf\">4 &#8211; D7K TEDAR\u0130K\u00c7\u0130 (SUPPNET) Y\u00d6NET\u0130M S\u0130STEMLER\u0130<\/a><\/p>\r\n<p><a title=\"KAL\u0130TE\" href=\"https:\/\/d7k.com.tr\/wp-content\/uploads\/2023\/10\/5-D7K-KALITE-YONETIM-SISTEMLERI.pdf\">5 &#8211; D7K KAL\u0130TE Y\u00d6NET\u0130M S\u0130STEMLER\u0130<\/a><\/p>\r\n<p><a title=\"KARAR\" href=\"https:\/\/d7k.com.tr\/wp-content\/uploads\/2023\/10\/6-D7K-KARAR-DESTEK-SISTEMLERI.pdf\">6 &#8211; D7K KARAR DESTEK S\u0130STEMLER\u0130<\/a><\/p>\r\n","protected":false},"excerpt":{"rendered":"<p>D7K ERP YAZILIM S\u0130STEMLER\u0130\u00a0 Katalo\u011fu indirmek i\u00e7in t\u0131klay\u0131n\u0131z. 1 &#8211; D7K DEPO Y\u00d6NET\u0130M S\u0130STEM\u0130 2 &#8211; D7K \u00dcRET\u0130M Y\u00d6NET\u0130M S\u0130STEMLER\u0130 3 &#8211; D7K M\u00dc\u015eTER\u0130 (B2B) Y\u00d6NET\u0130M S\u0130STEMLER\u0130 4 &#8211; D7K TEDAR\u0130K\u00c7\u0130 (SUPPNET) Y\u00d6NET\u0130M S\u0130STEMLER\u0130 5 &#8211; D7K KAL\u0130TE Y\u00d6NET\u0130M S\u0130STEMLER\u0130 6 &#8211; D7K KARAR DESTEK S\u0130STEMLER\u0130<\/p>\n","protected":false},"author":1,"featured_media":0,"parent":0,"menu_order":0,"comment_status":"open","ping_status":"open","template":"pages\/page-full.php","meta":{"_joinchat":[],"footnotes":""},"class_list":["post-12","page","type-page","status-publish","hentry"],"yoast_head":"<!-- This site is optimized with the Yoast SEO plugin v21.5 - https:\/\/yoast.com\/wordpress\/plugins\/seo\/ -->\n<title>Online Katalog - D7K<\/title>\n<meta name=\"robots\" content=\"index, follow, max-snippet:-1, max-image-preview:large, max-video-preview:-1\" \/>\n<link rel=\"canonical\" href=\"https:\/\/d7k.com.tr\/?page_id=12\" \/>\n<meta property=\"og:locale\" content=\"tr_TR\" \/>\n<meta property=\"og:type\" content=\"article\" \/>\n<meta property=\"og:title\" content=\"Online Katalog - D7K\" \/>\n<meta property=\"og:description\" content=\"D7K ERP YAZILIM S\u0130STEMLER\u0130\u00a0 Katalo\u011fu indirmek i\u00e7in t\u0131klay\u0131n\u0131z. 1 &#8211; D7K DEPO Y\u00d6NET\u0130M S\u0130STEM\u0130 2 &#8211; D7K \u00dcRET\u0130M Y\u00d6NET\u0130M S\u0130STEMLER\u0130 3 &#8211; D7K M\u00dc\u015eTER\u0130 (B2B) Y\u00d6NET\u0130M S\u0130STEMLER\u0130 4 &#8211; D7K TEDAR\u0130K\u00c7\u0130 (SUPPNET) Y\u00d6NET\u0130M S\u0130STEMLER\u0130 5 &#8211; D7K KAL\u0130TE Y\u00d6NET\u0130M S\u0130STEMLER\u0130 6 &#8211; D7K KARAR DESTEK S\u0130STEMLER\u0130\" \/>\n<meta property=\"og:url\" content=\"https:\/\/d7k.com.tr\/?page_id=12\" \/>\n<meta property=\"og:site_name\" content=\"D7K\" \/>\n<meta property=\"article:modified_time\" content=\"2023-11-01T05:17:11+00:00\" \/>\n<meta name=\"twitter:card\" content=\"summary_large_image\" \/>\n<meta name=\"twitter:label1\" content=\"Tahmini okuma s\u00fcresi\" \/>\n\t<meta name=\"twitter:data1\" content=\"1 dakika\" \/>\n<script type=\"application\/ld+json\" class=\"yoast-schema-graph\">{\"@context\":\"https:\/\/schema.org\",\"@graph\":[{\"@type\":\"WebPage\",\"@id\":\"https:\/\/d7k.com.tr\/?page_id=12\",\"url\":\"https:\/\/d7k.com.tr\/?page_id=12\",\"name\":\"Online Katalog - D7K\",\"isPartOf\":{\"@id\":\"https:\/\/d7k.com.tr\/#website\"},\"datePublished\":\"2015-01-13T17:52:03+00:00\",\"dateModified\":\"2023-11-01T05:17:11+00:00\",\"breadcrumb\":{\"@id\":\"https:\/\/d7k.com.tr\/?page_id=12#breadcrumb\"},\"inLanguage\":\"tr\",\"potentialAction\":[{\"@type\":\"ReadAction\",\"target\":[\"https:\/\/d7k.com.tr\/?page_id=12\"]}]},{\"@type\":\"BreadcrumbList\",\"@id\":\"https:\/\/d7k.com.tr\/?page_id=12#breadcrumb\",\"itemListElement\":[{\"@type\":\"ListItem\",\"position\":1,\"name\":\"Anasayfa\",\"item\":\"https:\/\/d7k.com.tr\/\"},{\"@type\":\"ListItem\",\"position\":2,\"name\":\"Online Katalog\"}]},{\"@type\":\"WebSite\",\"@id\":\"https:\/\/d7k.com.tr\/#website\",\"url\":\"https:\/\/d7k.com.tr\/\",\"name\":\"D7K\",\"description\":\"Siz Neredeyseniz Verileriniz Orada..!\",\"publisher\":{\"@id\":\"https:\/\/d7k.com.tr\/#organization\"},\"potentialAction\":[{\"@type\":\"SearchAction\",\"target\":{\"@type\":\"EntryPoint\",\"urlTemplate\":\"https:\/\/d7k.com.tr\/?s={search_term_string}\"},\"query-input\":\"required name=search_term_string\"}],\"inLanguage\":\"tr\"},{\"@type\":\"Organization\",\"@id\":\"https:\/\/d7k.com.tr\/#organization\",\"name\":\"D7K\",\"url\":\"https:\/\/d7k.com.tr\/\",\"logo\":{\"@type\":\"ImageObject\",\"inLanguage\":\"tr\",\"@id\":\"https:\/\/d7k.com.tr\/#\/schema\/logo\/image\/\",\"url\":\"https:\/\/d7k.com.tr\/wp-content\/uploads\/2023\/08\/d7k.png\",\"contentUrl\":\"https:\/\/d7k.com.tr\/wp-content\/uploads\/2023\/08\/d7k.png\",\"width\":200,\"height\":50,\"caption\":\"D7K\"},\"image\":{\"@id\":\"https:\/\/d7k.com.tr\/#\/schema\/logo\/image\/\"},\"sameAs\":[\"https:\/\/www.linkedin.com\/company\/d7ksuper\/\",\"https:\/\/www.youtube.com\/@d7ksuper384\"]}]}<\/script>\n<!-- \/ Yoast SEO plugin. -->","yoast_head_json":{"title":"Online Katalog - D7K","robots":{"index":"index","follow":"follow","max-snippet":"max-snippet:-1","max-image-preview":"max-image-preview:large","max-video-preview":"max-video-preview:-1"},"canonical":"https:\/\/d7k.com.tr\/?page_id=12","og_locale":"tr_TR","og_type":"article","og_title":"Online Katalog - D7K","og_description":"D7K ERP YAZILIM S\u0130STEMLER\u0130\u00a0 Katalo\u011fu indirmek i\u00e7in t\u0131klay\u0131n\u0131z. 1 &#8211; D7K DEPO Y\u00d6NET\u0130M S\u0130STEM\u0130 2 &#8211; D7K \u00dcRET\u0130M Y\u00d6NET\u0130M S\u0130STEMLER\u0130 3 &#8211; D7K M\u00dc\u015eTER\u0130 (B2B) Y\u00d6NET\u0130M S\u0130STEMLER\u0130 4 &#8211; D7K TEDAR\u0130K\u00c7\u0130 (SUPPNET) Y\u00d6NET\u0130M S\u0130STEMLER\u0130 5 &#8211; D7K KAL\u0130TE Y\u00d6NET\u0130M S\u0130STEMLER\u0130 6 &#8211; D7K KARAR DESTEK S\u0130STEMLER\u0130","og_url":"https:\/\/d7k.com.tr\/?page_id=12","og_site_name":"D7K","article_modified_time":"2023-11-01T05:17:11+00:00","twitter_card":"summary_large_image","twitter_misc":{"Tahmini okuma s\u00fcresi":"1 dakika"},"schema":{"@context":"https:\/\/schema.org","@graph":[{"@type":"WebPage","@id":"https:\/\/d7k.com.tr\/?page_id=12","url":"https:\/\/d7k.com.tr\/?page_id=12","name":"Online Katalog - D7K","isPartOf":{"@id":"https:\/\/d7k.com.tr\/#website"},"datePublished":"2015-01-13T17:52:03+00:00","dateModified":"2023-11-01T05:17:11+00:00","breadcrumb":{"@id":"https:\/\/d7k.com.tr\/?page_id=12#breadcrumb"},"inLanguage":"tr","potentialAction":[{"@type":"ReadAction","target":["https:\/\/d7k.com.tr\/?page_id=12"]}]},{"@type":"BreadcrumbList","@id":"https:\/\/d7k.com.tr\/?page_id=12#breadcrumb","itemListElement":[{"@type":"ListItem","position":1,"name":"Anasayfa","item":"https:\/\/d7k.com.tr\/"},{"@type":"ListItem","position":2,"name":"Online Katalog"}]},{"@type":"WebSite","@id":"https:\/\/d7k.com.tr\/#website","url":"https:\/\/d7k.com.tr\/","name":"D7K","description":"Siz Neredeyseniz Verileriniz Orada..!","publisher":{"@id":"https:\/\/d7k.com.tr\/#organization"},"potentialAction":[{"@type":"SearchAction","target":{"@type":"EntryPoint","urlTemplate":"https:\/\/d7k.com.tr\/?s={search_term_string}"},"query-input":"required name=search_term_string"}],"inLanguage":"tr"},{"@type":"Organization","@id":"https:\/\/d7k.com.tr\/#organization","name":"D7K","url":"https:\/\/d7k.com.tr\/","logo":{"@type":"ImageObject","inLanguage":"tr","@id":"https:\/\/d7k.com.tr\/#\/schema\/logo\/image\/","url":"https:\/\/d7k.com.tr\/wp-content\/uploads\/2023\/08\/d7k.png","contentUrl":"https:\/\/d7k.com.tr\/wp-content\/uploads\/2023\/08\/d7k.png","width":200,"height":50,"caption":"D7K"},"image":{"@id":"https:\/\/d7k.com.tr\/#\/schema\/logo\/image\/"},"sameAs":["https:\/\/www.linkedin.com\/company\/d7ksuper\/","https:\/\/www.youtube.com\/@d7ksuper384"]}]}},"_links":{"self":[{"href":"https:\/\/d7k.com.tr\/index.php?rest_route=\/wp\/v2\/pages\/12","targetHints":{"allow":["GET"]}}],"collection":[{"href":"https:\/\/d7k.com.tr\/index.php?rest_route=\/wp\/v2\/pages"}],"about":[{"href":"https:\/\/d7k.com.tr\/index.php?rest_route=\/wp\/v2\/types\/page"}],"author":[{"embeddable":true,"href":"https:\/\/d7k.com.tr\/index.php?rest_route=\/wp\/v2\/users\/1"}],"replies":[{"embeddable":true,"href":"https:\/\/d7k.com.tr\/index.php?rest_route=%2Fwp%2Fv2%2Fcomments&post=12"}],"version-history":[{"count":14,"href":"https:\/\/d7k.com.tr\/index.php?rest_route=\/wp\/v2\/pages\/12\/revisions"}],"predecessor-version":[{"id":1017,"href":"https:\/\/d7k.com.tr\/index.php?rest_route=\/wp\/v2\/pages\/12\/revisions\/1017"}],"wp:attachment":[{"href":"https:\/\/d7k.com.tr\/index.php?rest_route=%2Fwp%2Fv2%2Fmedia&parent=12"}],"curies":[{"name":"wp","href":"https:\/\/api.w.org\/{rel}","templated":true}]}}