{"id":13,"date":"2015-01-13T17:52:17","date_gmt":"2015-01-13T17:52:17","guid":{"rendered":"http:\/\/demo.safirtema.com\/safirkurumsal\/?page_id=13"},"modified":"2023-10-27T09:14:44","modified_gmt":"2023-10-27T09:14:44","slug":"tanitim-videosu","status":"publish","type":"page","link":"https:\/\/d7k.com.tr\/?page_id=13","title":{"rendered":"Tan\u0131t\u0131m Videosu"},"content":{"rendered":"\r\n<figure class=\"wp-block-embed is-type-video is-provider-youtube wp-block-embed-youtube wp-embed-aspect-16-9 wp-has-aspect-ratio\">\r\n<div class=\"wp-block-embed__wrapper\">\r\n<div style=\"width: 1920px;\" class=\"wp-video\"><video class=\"wp-video-shortcode\" id=\"video-13-1\" width=\"1920\" height=\"1080\" loop autoplay preload=\"auto\" controls=\"controls\"><source type=\"video\/mp4\" src=\"https:\/\/d7k.com.tr\/wp-content\/uploads\/2023\/10\/tanitimvideo.mp4?_=1\" \/><a href=\"https:\/\/d7k.com.tr\/wp-content\/uploads\/2023\/10\/tanitimvideo.mp4\">https:\/\/d7k.com.tr\/wp-content\/uploads\/2023\/10\/tanitimvideo.mp4<\/a><\/video><\/div>\r\n<\/div>\r\n<\/figure>\r\n\r\n\r\n\r\n<h2 style=\"text-align: center;\"><span style=\"font-family: Tahoma, Arial, Helvetica, sans-serif;\">H\u0131z, \u00c7eviklik, Performans<\/span><\/h2>\r\n<p><span style=\"font-family: Tahoma, Arial, Helvetica, sans-serif;\">D7ks\u00fcper \u00e7ok b\u00fcy\u00fck veri k\u00fcmelerini saniyeler baz\u0131nda i\u015flemeye izin veren raporlama, analiz, veri entegrasyonu, y\u00f6netim kokpitleri gibi konular\u0131n t\u00fcm\u00fcn\u00fc tek bir \u00fcr\u00fcn i\u00e7erisinde birle\u015ftirir. Esnek yap\u0131s\u0131 ile t\u00fcm ihtiya\u00e7lar\u0131m\u0131za \u00e7ok h\u0131zl\u0131 \u00e7\u00f6z\u00fcm \u00fcreterek size h\u0131z katar.<\/span><\/p>\r\n","protected":false},"excerpt":{"rendered":"<p>H\u0131z, \u00c7eviklik, Performans D7ks\u00fcper \u00e7ok b\u00fcy\u00fck veri k\u00fcmelerini saniyeler baz\u0131nda i\u015flemeye izin veren raporlama, analiz, veri entegrasyonu, y\u00f6netim kokpitleri gibi konular\u0131n t\u00fcm\u00fcn\u00fc tek bir \u00fcr\u00fcn i\u00e7erisinde birle\u015ftirir. Esnek yap\u0131s\u0131 ile t\u00fcm ihtiya\u00e7lar\u0131m\u0131za \u00e7ok h\u0131zl\u0131 \u00e7\u00f6z\u00fcm \u00fcreterek size h\u0131z katar.<\/p>\n","protected":false},"author":1,"featured_media":0,"parent":0,"menu_order":0,"comment_status":"open","ping_status":"open","template":"","meta":{"_joinchat":[],"footnotes":""},"class_list":["post-13","page","type-page","status-publish","hentry"],"yoast_head":"<!-- This site is optimized with the Yoast SEO plugin v21.5 - https:\/\/yoast.com\/wordpress\/plugins\/seo\/ -->\n<title>Tan\u0131t\u0131m Videosu - D7K<\/title>\n<meta name=\"robots\" content=\"index, follow, max-snippet:-1, max-image-preview:large, max-video-preview:-1\" \/>\n<link rel=\"canonical\" href=\"https:\/\/d7k.com.tr\/?page_id=13\" \/>\n<meta property=\"og:locale\" content=\"tr_TR\" \/>\n<meta property=\"og:type\" content=\"article\" \/>\n<meta property=\"og:title\" content=\"Tan\u0131t\u0131m Videosu - D7K\" \/>\n<meta property=\"og:description\" content=\"H\u0131z, \u00c7eviklik, Performans D7ks\u00fcper \u00e7ok b\u00fcy\u00fck veri k\u00fcmelerini saniyeler baz\u0131nda i\u015flemeye izin veren raporlama, analiz, veri entegrasyonu, y\u00f6netim kokpitleri gibi konular\u0131n t\u00fcm\u00fcn\u00fc tek bir \u00fcr\u00fcn i\u00e7erisinde birle\u015ftirir. Esnek yap\u0131s\u0131 ile t\u00fcm ihtiya\u00e7lar\u0131m\u0131za \u00e7ok h\u0131zl\u0131 \u00e7\u00f6z\u00fcm \u00fcreterek size h\u0131z katar.\" \/>\n<meta property=\"og:url\" content=\"https:\/\/d7k.com.tr\/?page_id=13\" \/>\n<meta property=\"og:site_name\" content=\"D7K\" \/>\n<meta property=\"article:modified_time\" content=\"2023-10-27T09:14:44+00:00\" \/>\n<meta name=\"twitter:card\" content=\"summary_large_image\" \/>\n<meta name=\"twitter:label1\" content=\"Tahmini okuma s\u00fcresi\" \/>\n\t<meta name=\"twitter:data1\" content=\"1 dakika\" \/>\n<script type=\"application\/ld+json\" class=\"yoast-schema-graph\">{\"@context\":\"https:\/\/schema.org\",\"@graph\":[{\"@type\":\"WebPage\",\"@id\":\"https:\/\/d7k.com.tr\/?page_id=13\",\"url\":\"https:\/\/d7k.com.tr\/?page_id=13\",\"name\":\"Tan\u0131t\u0131m Videosu - D7K\",\"isPartOf\":{\"@id\":\"https:\/\/d7k.com.tr\/#website\"},\"datePublished\":\"2015-01-13T17:52:17+00:00\",\"dateModified\":\"2023-10-27T09:14:44+00:00\",\"breadcrumb\":{\"@id\":\"https:\/\/d7k.com.tr\/?page_id=13#breadcrumb\"},\"inLanguage\":\"tr\",\"potentialAction\":[{\"@type\":\"ReadAction\",\"target\":[\"https:\/\/d7k.com.tr\/?page_id=13\"]}]},{\"@type\":\"BreadcrumbList\",\"@id\":\"https:\/\/d7k.com.tr\/?page_id=13#breadcrumb\",\"itemListElement\":[{\"@type\":\"ListItem\",\"position\":1,\"name\":\"Anasayfa\",\"item\":\"https:\/\/d7k.com.tr\/\"},{\"@type\":\"ListItem\",\"position\":2,\"name\":\"Tan\u0131t\u0131m Videosu\"}]},{\"@type\":\"WebSite\",\"@id\":\"https:\/\/d7k.com.tr\/#website\",\"url\":\"https:\/\/d7k.com.tr\/\",\"name\":\"D7K\",\"description\":\"Siz Neredeyseniz Verileriniz Orada..!\",\"publisher\":{\"@id\":\"https:\/\/d7k.com.tr\/#organization\"},\"potentialAction\":[{\"@type\":\"SearchAction\",\"target\":{\"@type\":\"EntryPoint\",\"urlTemplate\":\"https:\/\/d7k.com.tr\/?s={search_term_string}\"},\"query-input\":\"required name=search_term_string\"}],\"inLanguage\":\"tr\"},{\"@type\":\"Organization\",\"@id\":\"https:\/\/d7k.com.tr\/#organization\",\"name\":\"D7K\",\"url\":\"https:\/\/d7k.com.tr\/\",\"logo\":{\"@type\":\"ImageObject\",\"inLanguage\":\"tr\",\"@id\":\"https:\/\/d7k.com.tr\/#\/schema\/logo\/image\/\",\"url\":\"https:\/\/d7k.com.tr\/wp-content\/uploads\/2023\/08\/d7k.png\",\"contentUrl\":\"https:\/\/d7k.com.tr\/wp-content\/uploads\/2023\/08\/d7k.png\",\"width\":200,\"height\":50,\"caption\":\"D7K\"},\"image\":{\"@id\":\"https:\/\/d7k.com.tr\/#\/schema\/logo\/image\/\"},\"sameAs\":[\"https:\/\/www.linkedin.com\/company\/d7ksuper\/\",\"https:\/\/www.youtube.com\/@d7ksuper384\"]}]}<\/script>\n<!-- \/ Yoast SEO plugin. -->","yoast_head_json":{"title":"Tan\u0131t\u0131m Videosu - D7K","robots":{"index":"index","follow":"follow","max-snippet":"max-snippet:-1","max-image-preview":"max-image-preview:large","max-video-preview":"max-video-preview:-1"},"canonical":"https:\/\/d7k.com.tr\/?page_id=13","og_locale":"tr_TR","og_type":"article","og_title":"Tan\u0131t\u0131m Videosu - D7K","og_description":"H\u0131z, \u00c7eviklik, Performans D7ks\u00fcper \u00e7ok b\u00fcy\u00fck veri k\u00fcmelerini saniyeler baz\u0131nda i\u015flemeye izin veren raporlama, analiz, veri entegrasyonu, y\u00f6netim kokpitleri gibi konular\u0131n t\u00fcm\u00fcn\u00fc tek bir \u00fcr\u00fcn i\u00e7erisinde birle\u015ftirir. Esnek yap\u0131s\u0131 ile t\u00fcm ihtiya\u00e7lar\u0131m\u0131za \u00e7ok h\u0131zl\u0131 \u00e7\u00f6z\u00fcm \u00fcreterek size h\u0131z katar.","og_url":"https:\/\/d7k.com.tr\/?page_id=13","og_site_name":"D7K","article_modified_time":"2023-10-27T09:14:44+00:00","twitter_card":"summary_large_image","twitter_misc":{"Tahmini okuma s\u00fcresi":"1 dakika"},"schema":{"@context":"https:\/\/schema.org","@graph":[{"@type":"WebPage","@id":"https:\/\/d7k.com.tr\/?page_id=13","url":"https:\/\/d7k.com.tr\/?page_id=13","name":"Tan\u0131t\u0131m Videosu - D7K","isPartOf":{"@id":"https:\/\/d7k.com.tr\/#website"},"datePublished":"2015-01-13T17:52:17+00:00","dateModified":"2023-10-27T09:14:44+00:00","breadcrumb":{"@id":"https:\/\/d7k.com.tr\/?page_id=13#breadcrumb"},"inLanguage":"tr","potentialAction":[{"@type":"ReadAction","target":["https:\/\/d7k.com.tr\/?page_id=13"]}]},{"@type":"BreadcrumbList","@id":"https:\/\/d7k.com.tr\/?page_id=13#breadcrumb","itemListElement":[{"@type":"ListItem","position":1,"name":"Anasayfa","item":"https:\/\/d7k.com.tr\/"},{"@type":"ListItem","position":2,"name":"Tan\u0131t\u0131m Videosu"}]},{"@type":"WebSite","@id":"https:\/\/d7k.com.tr\/#website","url":"https:\/\/d7k.com.tr\/","name":"D7K","description":"Siz Neredeyseniz Verileriniz Orada..!","publisher":{"@id":"https:\/\/d7k.com.tr\/#organization"},"potentialAction":[{"@type":"SearchAction","target":{"@type":"EntryPoint","urlTemplate":"https:\/\/d7k.com.tr\/?s={search_term_string}"},"query-input":"required name=search_term_string"}],"inLanguage":"tr"},{"@type":"Organization","@id":"https:\/\/d7k.com.tr\/#organization","name":"D7K","url":"https:\/\/d7k.com.tr\/","logo":{"@type":"ImageObject","inLanguage":"tr","@id":"https:\/\/d7k.com.tr\/#\/schema\/logo\/image\/","url":"https:\/\/d7k.com.tr\/wp-content\/uploads\/2023\/08\/d7k.png","contentUrl":"https:\/\/d7k.com.tr\/wp-content\/uploads\/2023\/08\/d7k.png","width":200,"height":50,"caption":"D7K"},"image":{"@id":"https:\/\/d7k.com.tr\/#\/schema\/logo\/image\/"},"sameAs":["https:\/\/www.linkedin.com\/company\/d7ksuper\/","https:\/\/www.youtube.com\/@d7ksuper384"]}]}},"_links":{"self":[{"href":"https:\/\/d7k.com.tr\/index.php?rest_route=\/wp\/v2\/pages\/13","targetHints":{"allow":["GET"]}}],"collection":[{"href":"https:\/\/d7k.com.tr\/index.php?rest_route=\/wp\/v2\/pages"}],"about":[{"href":"https:\/\/d7k.com.tr\/index.php?rest_route=\/wp\/v2\/types\/page"}],"author":[{"embeddable":true,"href":"https:\/\/d7k.com.tr\/index.php?rest_route=\/wp\/v2\/users\/1"}],"replies":[{"embeddable":true,"href":"https:\/\/d7k.com.tr\/index.php?rest_route=%2Fwp%2Fv2%2Fcomments&post=13"}],"version-history":[{"count":9,"href":"https:\/\/d7k.com.tr\/index.php?rest_route=\/wp\/v2\/pages\/13\/revisions"}],"predecessor-version":[{"id":863,"href":"https:\/\/d7k.com.tr\/index.php?rest_route=\/wp\/v2\/pages\/13\/revisions\/863"}],"wp:attachment":[{"href":"https:\/\/d7k.com.tr\/index.php?rest_route=%2Fwp%2Fv2%2Fmedia&parent=13"}],"curies":[{"name":"wp","href":"https:\/\/api.w.org\/{rel}","templated":true}]}}