{"id":183,"date":"2015-01-17T16:27:02","date_gmt":"2015-01-17T16:27:02","guid":{"rendered":"http:\/\/demo.safirtema.com\/safirkurumsal\/?page_id=183"},"modified":"2023-10-27T13:07:13","modified_gmt":"2023-10-27T13:07:13","slug":"misyonumuz","status":"publish","type":"page","link":"https:\/\/d7k.com.tr\/?page_id=183","title":{"rendered":"Misyonumuz"},"content":{"rendered":"<ul>\n<li><span style=\"font-family: roboto-light;\">\u015eirketlerin farkl\u0131 alanlardaki ihtiya\u00e7lar\u0131n\u0131 kar\u015f\u0131lamaya y\u00f6nelik Depo, \u00dcretim, M\u00fc\u015fteri(B2B), Tedarik Zinciri, Kalite ve Kara Destek Y\u00f6netim sistemlerini kurmak.<\/span><\/li>\n<li><span style=\"font-family: roboto-light;\">\u015eirketlerin i\u015f g\u00fcc\u00fc, makine, enerji, hammadde ve malzeme gibi kaynaklar\u0131n\u0131 en verimli \u015fekilde kullanmalar\u0131na imk\u00e2n tan\u0131yacak projeler geli\u015ftirerek, maliyetleri d\u00fc\u015f\u00fcrmek, \u00fcretim ve zaman y\u00f6netiminin verimlili\u011fini artt\u0131rmak.<\/span><\/li>\n<li><span style=\"font-family: roboto-light;\">M\u00fc\u015fterilerin; operasyonel ihtiya\u00e7lar\u0131n\u0131 kar\u015f\u0131layan, rekabet g\u00fcc\u00fcn\u00fc artt\u0131ran, verimlilik, do\u011fruluk ve kontrol sa\u011flayan \u2018\u2019Made in Turkey\u2019\u2019 imzal\u0131 yaz\u0131l\u0131mlar\u0131 sunmay\u0131 g\u00f6rev olarak benimsemi\u015ftir.<\/span><\/li>\n<\/ul>\n<p><img loading=\"lazy\" decoding=\"async\" class=\"wp-image-627 aligncenter\" src=\"https:\/\/d7k.com.tr\/wp-content\/uploads\/2023\/10\/terminal-300x192.png\" alt=\"\" width=\"383\" height=\"245\" srcset=\"https:\/\/d7k.com.tr\/wp-content\/uploads\/2023\/10\/terminal-300x192.png 300w, https:\/\/d7k.com.tr\/wp-content\/uploads\/2023\/10\/terminal-1024x656.png 1024w, https:\/\/d7k.com.tr\/wp-content\/uploads\/2023\/10\/terminal-768x492.png 768w, https:\/\/d7k.com.tr\/wp-content\/uploads\/2023\/10\/terminal-1536x983.png 1536w, https:\/\/d7k.com.tr\/wp-content\/uploads\/2023\/10\/terminal.png 1609w\" sizes=\"auto, (max-width: 383px) 100vw, 383px\" \/><\/p>\n","protected":false},"excerpt":{"rendered":"<p>\u015eirketlerin farkl\u0131 alanlardaki ihtiya\u00e7lar\u0131n\u0131 kar\u015f\u0131lamaya y\u00f6nelik Depo, \u00dcretim, M\u00fc\u015fteri(B2B), Tedarik Zinciri, Kalite ve Kara Destek Y\u00f6netim sistemlerini kurmak. \u015eirketlerin i\u015f g\u00fcc\u00fc, makine, enerji, hammadde ve malzeme gibi kaynaklar\u0131n\u0131 en verimli \u015fekilde kullanmalar\u0131na imk\u00e2n tan\u0131yacak projeler geli\u015ftirerek, maliyetleri d\u00fc\u015f\u00fcrmek, \u00fcretim ve zaman y\u00f6netiminin verimlili\u011fini artt\u0131rmak. M\u00fc\u015fterilerin; operasyonel ihtiya\u00e7lar\u0131n\u0131 kar\u015f\u0131layan, rekabet g\u00fcc\u00fcn\u00fc artt\u0131ran, verimlilik, do\u011fruluk ve kontrol [&hellip;]<\/p>\n","protected":false},"author":1,"featured_media":0,"parent":0,"menu_order":0,"comment_status":"open","ping_status":"closed","template":"","meta":{"_joinchat":[],"footnotes":""},"class_list":["post-183","page","type-page","status-publish","hentry"],"yoast_head":"<!-- This site is optimized with the Yoast SEO plugin v21.5 - https:\/\/yoast.com\/wordpress\/plugins\/seo\/ -->\n<title>Misyonumuz - D7K<\/title>\n<meta name=\"robots\" content=\"index, follow, max-snippet:-1, max-image-preview:large, max-video-preview:-1\" \/>\n<link rel=\"canonical\" href=\"https:\/\/d7k.com.tr\/?page_id=183\" \/>\n<meta property=\"og:locale\" content=\"tr_TR\" \/>\n<meta property=\"og:type\" content=\"article\" \/>\n<meta property=\"og:title\" content=\"Misyonumuz - D7K\" \/>\n<meta property=\"og:description\" content=\"\u015eirketlerin farkl\u0131 alanlardaki ihtiya\u00e7lar\u0131n\u0131 kar\u015f\u0131lamaya y\u00f6nelik Depo, \u00dcretim, M\u00fc\u015fteri(B2B), Tedarik Zinciri, Kalite ve Kara Destek Y\u00f6netim sistemlerini kurmak. \u015eirketlerin i\u015f g\u00fcc\u00fc, makine, enerji, hammadde ve malzeme gibi kaynaklar\u0131n\u0131 en verimli \u015fekilde kullanmalar\u0131na imk\u00e2n tan\u0131yacak projeler geli\u015ftirerek, maliyetleri d\u00fc\u015f\u00fcrmek, \u00fcretim ve zaman y\u00f6netiminin verimlili\u011fini artt\u0131rmak. M\u00fc\u015fterilerin; operasyonel ihtiya\u00e7lar\u0131n\u0131 kar\u015f\u0131layan, rekabet g\u00fcc\u00fcn\u00fc artt\u0131ran, verimlilik, do\u011fruluk ve kontrol [&hellip;]\" \/>\n<meta property=\"og:url\" content=\"https:\/\/d7k.com.tr\/?page_id=183\" \/>\n<meta property=\"og:site_name\" content=\"D7K\" \/>\n<meta property=\"article:modified_time\" content=\"2023-10-27T13:07:13+00:00\" \/>\n<meta property=\"og:image\" content=\"https:\/\/d7k.com.tr\/wp-content\/uploads\/2023\/10\/terminal-300x192.png\" \/>\n<meta name=\"twitter:card\" content=\"summary_large_image\" \/>\n<meta name=\"twitter:label1\" content=\"Tahmini okuma s\u00fcresi\" \/>\n\t<meta name=\"twitter:data1\" content=\"1 dakika\" \/>\n<script type=\"application\/ld+json\" class=\"yoast-schema-graph\">{\"@context\":\"https:\/\/schema.org\",\"@graph\":[{\"@type\":\"WebPage\",\"@id\":\"https:\/\/d7k.com.tr\/?page_id=183\",\"url\":\"https:\/\/d7k.com.tr\/?page_id=183\",\"name\":\"Misyonumuz - D7K\",\"isPartOf\":{\"@id\":\"https:\/\/d7k.com.tr\/#website\"},\"datePublished\":\"2015-01-17T16:27:02+00:00\",\"dateModified\":\"2023-10-27T13:07:13+00:00\",\"breadcrumb\":{\"@id\":\"https:\/\/d7k.com.tr\/?page_id=183#breadcrumb\"},\"inLanguage\":\"tr\",\"potentialAction\":[{\"@type\":\"ReadAction\",\"target\":[\"https:\/\/d7k.com.tr\/?page_id=183\"]}]},{\"@type\":\"BreadcrumbList\",\"@id\":\"https:\/\/d7k.com.tr\/?page_id=183#breadcrumb\",\"itemListElement\":[{\"@type\":\"ListItem\",\"position\":1,\"name\":\"Anasayfa\",\"item\":\"https:\/\/d7k.com.tr\/\"},{\"@type\":\"ListItem\",\"position\":2,\"name\":\"Misyonumuz\"}]},{\"@type\":\"WebSite\",\"@id\":\"https:\/\/d7k.com.tr\/#website\",\"url\":\"https:\/\/d7k.com.tr\/\",\"name\":\"D7K\",\"description\":\"Siz Neredeyseniz Verileriniz Orada..!\",\"publisher\":{\"@id\":\"https:\/\/d7k.com.tr\/#organization\"},\"potentialAction\":[{\"@type\":\"SearchAction\",\"target\":{\"@type\":\"EntryPoint\",\"urlTemplate\":\"https:\/\/d7k.com.tr\/?s={search_term_string}\"},\"query-input\":\"required name=search_term_string\"}],\"inLanguage\":\"tr\"},{\"@type\":\"Organization\",\"@id\":\"https:\/\/d7k.com.tr\/#organization\",\"name\":\"D7K\",\"url\":\"https:\/\/d7k.com.tr\/\",\"logo\":{\"@type\":\"ImageObject\",\"inLanguage\":\"tr\",\"@id\":\"https:\/\/d7k.com.tr\/#\/schema\/logo\/image\/\",\"url\":\"https:\/\/d7k.com.tr\/wp-content\/uploads\/2023\/08\/d7k.png\",\"contentUrl\":\"https:\/\/d7k.com.tr\/wp-content\/uploads\/2023\/08\/d7k.png\",\"width\":200,\"height\":50,\"caption\":\"D7K\"},\"image\":{\"@id\":\"https:\/\/d7k.com.tr\/#\/schema\/logo\/image\/\"},\"sameAs\":[\"https:\/\/www.linkedin.com\/company\/d7ksuper\/\",\"https:\/\/www.youtube.com\/@d7ksuper384\"]}]}<\/script>\n<!-- \/ Yoast SEO plugin. -->","yoast_head_json":{"title":"Misyonumuz - D7K","robots":{"index":"index","follow":"follow","max-snippet":"max-snippet:-1","max-image-preview":"max-image-preview:large","max-video-preview":"max-video-preview:-1"},"canonical":"https:\/\/d7k.com.tr\/?page_id=183","og_locale":"tr_TR","og_type":"article","og_title":"Misyonumuz - D7K","og_description":"\u015eirketlerin farkl\u0131 alanlardaki ihtiya\u00e7lar\u0131n\u0131 kar\u015f\u0131lamaya y\u00f6nelik Depo, \u00dcretim, M\u00fc\u015fteri(B2B), Tedarik Zinciri, Kalite ve Kara Destek Y\u00f6netim sistemlerini kurmak. \u015eirketlerin i\u015f g\u00fcc\u00fc, makine, enerji, hammadde ve malzeme gibi kaynaklar\u0131n\u0131 en verimli \u015fekilde kullanmalar\u0131na imk\u00e2n tan\u0131yacak projeler geli\u015ftirerek, maliyetleri d\u00fc\u015f\u00fcrmek, \u00fcretim ve zaman y\u00f6netiminin verimlili\u011fini artt\u0131rmak. M\u00fc\u015fterilerin; operasyonel ihtiya\u00e7lar\u0131n\u0131 kar\u015f\u0131layan, rekabet g\u00fcc\u00fcn\u00fc artt\u0131ran, verimlilik, do\u011fruluk ve kontrol [&hellip;]","og_url":"https:\/\/d7k.com.tr\/?page_id=183","og_site_name":"D7K","article_modified_time":"2023-10-27T13:07:13+00:00","og_image":[{"url":"https:\/\/d7k.com.tr\/wp-content\/uploads\/2023\/10\/terminal-300x192.png"}],"twitter_card":"summary_large_image","twitter_misc":{"Tahmini okuma s\u00fcresi":"1 dakika"},"schema":{"@context":"https:\/\/schema.org","@graph":[{"@type":"WebPage","@id":"https:\/\/d7k.com.tr\/?page_id=183","url":"https:\/\/d7k.com.tr\/?page_id=183","name":"Misyonumuz - D7K","isPartOf":{"@id":"https:\/\/d7k.com.tr\/#website"},"datePublished":"2015-01-17T16:27:02+00:00","dateModified":"2023-10-27T13:07:13+00:00","breadcrumb":{"@id":"https:\/\/d7k.com.tr\/?page_id=183#breadcrumb"},"inLanguage":"tr","potentialAction":[{"@type":"ReadAction","target":["https:\/\/d7k.com.tr\/?page_id=183"]}]},{"@type":"BreadcrumbList","@id":"https:\/\/d7k.com.tr\/?page_id=183#breadcrumb","itemListElement":[{"@type":"ListItem","position":1,"name":"Anasayfa","item":"https:\/\/d7k.com.tr\/"},{"@type":"ListItem","position":2,"name":"Misyonumuz"}]},{"@type":"WebSite","@id":"https:\/\/d7k.com.tr\/#website","url":"https:\/\/d7k.com.tr\/","name":"D7K","description":"Siz Neredeyseniz Verileriniz Orada..!","publisher":{"@id":"https:\/\/d7k.com.tr\/#organization"},"potentialAction":[{"@type":"SearchAction","target":{"@type":"EntryPoint","urlTemplate":"https:\/\/d7k.com.tr\/?s={search_term_string}"},"query-input":"required name=search_term_string"}],"inLanguage":"tr"},{"@type":"Organization","@id":"https:\/\/d7k.com.tr\/#organization","name":"D7K","url":"https:\/\/d7k.com.tr\/","logo":{"@type":"ImageObject","inLanguage":"tr","@id":"https:\/\/d7k.com.tr\/#\/schema\/logo\/image\/","url":"https:\/\/d7k.com.tr\/wp-content\/uploads\/2023\/08\/d7k.png","contentUrl":"https:\/\/d7k.com.tr\/wp-content\/uploads\/2023\/08\/d7k.png","width":200,"height":50,"caption":"D7K"},"image":{"@id":"https:\/\/d7k.com.tr\/#\/schema\/logo\/image\/"},"sameAs":["https:\/\/www.linkedin.com\/company\/d7ksuper\/","https:\/\/www.youtube.com\/@d7ksuper384"]}]}},"_links":{"self":[{"href":"https:\/\/d7k.com.tr\/index.php?rest_route=\/wp\/v2\/pages\/183","targetHints":{"allow":["GET"]}}],"collection":[{"href":"https:\/\/d7k.com.tr\/index.php?rest_route=\/wp\/v2\/pages"}],"about":[{"href":"https:\/\/d7k.com.tr\/index.php?rest_route=\/wp\/v2\/types\/page"}],"author":[{"embeddable":true,"href":"https:\/\/d7k.com.tr\/index.php?rest_route=\/wp\/v2\/users\/1"}],"replies":[{"embeddable":true,"href":"https:\/\/d7k.com.tr\/index.php?rest_route=%2Fwp%2Fv2%2Fcomments&post=183"}],"version-history":[{"count":6,"href":"https:\/\/d7k.com.tr\/index.php?rest_route=\/wp\/v2\/pages\/183\/revisions"}],"predecessor-version":[{"id":1376,"href":"https:\/\/d7k.com.tr\/index.php?rest_route=\/wp\/v2\/pages\/183\/revisions\/1376"}],"wp:attachment":[{"href":"https:\/\/d7k.com.tr\/index.php?rest_route=%2Fwp%2Fv2%2Fmedia&parent=183"}],"curies":[{"name":"wp","href":"https:\/\/api.w.org\/{rel}","templated":true}]}}